{"id":4099,"date":"2022-09-22T18:38:37","date_gmt":"2022-09-22T15:38:37","guid":{"rendered":"https:\/\/orhan1.com\/?post_type=product&#038;p=4099"},"modified":"2022-09-22T19:05:59","modified_gmt":"2022-09-22T16:05:59","slug":"margret-armut","status":"publish","type":"product","link":"https:\/\/orhan1.com\/ru\/product\/margret-armut\/","title":{"rendered":"Margret"},"content":{"rendered":"<p><strong>\u0412\u0430\u0440\u0438\u0430\u043d\u0442\u044b \u0434\u043e\u0441\u0442\u0430\u0432\u043a\u0438<\/strong><\/p>\n<p><strong>\u043a\u043e\u0440\u043e\u0431\u043a\u0430:<\/strong> \u041f\u043b\u0430\u0441\u0442\u0438\u043a\u043e\u0432\u0430\u044f \u043a\u043e\u0440\u043e\u0431\u043a\u0430<\/p>\n<p><strong>\u0420\u0430\u0437\u043c\u0435\u0440 :<\/strong> A - 14 \/ 16 \/ 18 \/ 20 (+70 mm)<\/p>\n<p><strong>\u0420\u0430\u0437\u043c\u0435\u0440 :<\/strong> B-22 \/ 24 \/\u00a0 (+60mm \/ 69 mm)<\/p>\n<p><strong>\u041a\u043e\u0440\u043e\u0431\u043a\u0430 \u043a\u0433 (\u0431\u0440\u0443\u0442\u0442\u043e):<\/strong> 4.6 \/ 5.4<\/p>\n<p><strong>\u0420\u0430\u0437\u043c\u0435\u0440 \u043f\u043e\u0434\u0434\u043e\u043d\u0430:<\/strong> 120 x 100 cm\u00a0 \u2013\u00a0 80 x 120 cm<\/p>\n<p><strong>\u0421\u0440\u043e\u043a\u0438 \u043f\u043e\u0441\u0442\u0430\u0432\u043a\u0438 \u043f\u0440\u043e\u0434\u0443\u043a\u0442\u0430:<\/strong><\/p>\n<p><img loading=\"lazy\" decoding=\"async\" class=\"alignnone size-medium wp-image-4101\" src=\"https:\/\/orhan1.com\/wp-content\/uploads\/2022\/09\/armuticin-300x72.jpg\" alt=\"\" width=\"300\" height=\"72\" srcset=\"https:\/\/orhan1.com\/wp-content\/uploads\/2022\/09\/armuticin-300x72.jpg 300w, https:\/\/orhan1.com\/wp-content\/uploads\/2022\/09\/armuticin-18x4.jpg 18w, https:\/\/orhan1.com\/wp-content\/uploads\/2022\/09\/armuticin.jpg 613w\" sizes=\"auto, (max-width: 300px) 100vw, 300px\" \/><\/p>\n<p><strong>\u041a\u0430\u043a \u043c\u043e\u0436\u043d\u043e \u043e\u0442\u043f\u0440\u0430\u0432\u0438\u0442\u044c \u0442\u043e\u0432\u0430\u0440?<\/strong><\/p>\n<p><img loading=\"lazy\" decoding=\"async\" class=\"alignnone size-medium wp-image-4049\" src=\"https:\/\/orhan1.com\/wp-content\/uploads\/2020\/06\/klargoo-300x104.png\" alt=\"\" width=\"300\" height=\"104\" srcset=\"https:\/\/orhan1.com\/wp-content\/uploads\/2020\/06\/klargoo-300x104.png 300w, https:\/\/orhan1.com\/wp-content\/uploads\/2020\/06\/klargoo-18x6.png 18w, https:\/\/orhan1.com\/wp-content\/uploads\/2020\/06\/klargoo.png 672w\" sizes=\"auto, (max-width: 300px) 100vw, 300px\" \/><\/p>","protected":false},"excerpt":{"rendered":"<p>\u0424\u0440\u0443\u043a\u0442\u043e\u0432\u0430\u044f \u0441\u0442\u0440\u0443\u043a\u0442\u0443\u0440\u0430<\/p>\n<p>\u0411\u043e\u043b\u044c\u0448\u043e\u0439, \u0438\u043d\u043e\u0433\u0434\u0430 \u043e\u0447\u0435\u043d\u044c \u0431\u043e\u043b\u044c\u0448\u043e\u0439<br \/>\n\u0423\u0437\u043a\u0430\u044f \u0446\u0432\u0435\u0442\u043e\u043d\u043e\u0436\u043a\u0430 \u0438 \u0446\u0432\u0435\u0442\u043e\u0447\u043d\u0430\u044f \u0447\u0430\u0441\u0442\u044c, \u043e\u0447\u0435\u043d\u044c \u0436\u0438\u0440\u043d\u0430\u044f \u0441\u0440\u0435\u0434\u043d\u0438\u0439 \u0440\u0430\u0437\u0434\u0435\u043b.<br \/>\norta b\u00f6l\u00fcm. Ye\u015fil sar\u0131 \u00fczerinde sivilceli<br \/>\n\u041f\u044f\u0442\u043d\u0438\u0441\u0442\u044b\u0439 \u043d\u0430 \u0437\u0435\u043b\u0435\u043d\u043e-\u0436\u0435\u043b\u0442\u043e\u043c\n\u0437\u0435\u043c\u043b\u044f.<br \/>\n\u0423\u0441\u0442\u043e\u0439\u0447\u0438\u0432 \u043a \u0434\u043b\u0438\u0442\u0435\u043b\u044c\u043d\u043e\u043c\u0443 \u0445\u0440\u0430\u043d\u0435\u043d\u0438\u044e \u043d\u0430 \u0445\u043e\u043b\u043e\u0434\u0435\n\u0441\u043a\u043b\u0430\u0434\u0441\u043a\u043e\u0435 \u0445\u043e\u0437\u044f\u0439\u0441\u0442\u0432\u043e.<br \/>\n\u0412\u043a\u0443\u0441\u043e\u0432\u044b\u0435 \u043a\u0430\u0447\u0435\u0441\u0442\u0432\u0430: \u041f\u0435\u0441\u043e\u0447\u043d\u044b\u0439 \u0432\u043a\u0443\u0441, \u0441\u0440\u0435\u0434\u043d\u044f\u044f \u043f\u0438\u043a\u0430\u043d\u0442\u043d\u043e\u0441\u0442\u044c\n\u0430 \u0442\u0430\u043a\u0436\u0435<br \/>\n\u0441\u0440\u0435\u0434\u043d\u044f\u044f \u0441\u043b\u0430\u0434\u043e\u0441\u0442\u044c<br \/>\n\u0414\u0430\u0442\u0430 \u0441\u0431\u043e\u0440\u0430 \u0443\u0440\u043e\u0436\u0430\u044f: 1-20 \u043e\u043a\u0442\u044f\u0431\u0440\u044f<\/p>","protected":false},"featured_media":3839,"comment_status":"open","ping_status":"closed","template":"","meta":{"_monsterinsights_skip_tracking":false,"_monsterinsights_sitenote_active":false,"_monsterinsights_sitenote_note":"","_monsterinsights_sitenote_category":0},"product_cat":[80],"product_tag":[40],"class_list":["post-4099","product","type-product","status-publish","has-post-thumbnail","hentry","product_cat-meyve","product_tag-meyve"],"aioseo_notices":[],"_links":{"self":[{"href":"https:\/\/orhan1.com\/ru\/wp-json\/wp\/v2\/product\/4099","targetHints":{"allow":["GET"]}}],"collection":[{"href":"https:\/\/orhan1.com\/ru\/wp-json\/wp\/v2\/product"}],"about":[{"href":"https:\/\/orhan1.com\/ru\/wp-json\/wp\/v2\/types\/product"}],"replies":[{"embeddable":true,"href":"https:\/\/orhan1.com\/ru\/wp-json\/wp\/v2\/comments?post=4099"}],"wp:featuredmedia":[{"embeddable":true,"href":"https:\/\/orhan1.com\/ru\/wp-json\/wp\/v2\/media\/3839"}],"wp:attachment":[{"href":"https:\/\/orhan1.com\/ru\/wp-json\/wp\/v2\/media?parent=4099"}],"wp:term":[{"taxonomy":"product_cat","embeddable":true,"href":"https:\/\/orhan1.com\/ru\/wp-json\/wp\/v2\/product_cat?post=4099"},{"taxonomy":"product_tag","embeddable":true,"href":"https:\/\/orhan1.com\/ru\/wp-json\/wp\/v2\/product_tag?post=4099"}],"curies":[{"name":"wp","href":"https:\/\/api.w.org\/{rel}","templated":true}]}}