{"id":224,"date":"2020-04-09T09:42:52","date_gmt":"2020-04-09T09:42:52","guid":{"rendered":"https:\/\/organium.artureanec.com\/?page_id=224"},"modified":"2022-09-29T00:19:08","modified_gmt":"2022-09-28T21:19:08","slug":"hakkimizda","status":"publish","type":"page","link":"https:\/\/orhan1.com\/ru\/aboutrus\/","title":{"rendered":"\u043e \u043d\u0430\u0441"},"content":{"rendered":"<div data-elementor-type=\"wp-page\" data-elementor-id=\"224\" class=\"elementor elementor-224\">\n\t\t\t\t\t\t\t\t\t<section class=\"elementor-section elementor-top-section elementor-element elementor-element-40f5a76 elementor-section-content-top elementor-reverse-tablet elementor-reverse-mobile elementor-section-boxed elementor-section-height-default elementor-section-height-default\" data-id=\"40f5a76\" data-element_type=\"section\">\n\t\t\t\t\t\t<div class=\"elementor-container elementor-column-gap-wider\">\n\t\t\t\t\t<div class=\"elementor-column elementor-col-100 elementor-top-column elementor-element elementor-element-33fa8ab\" data-id=\"33fa8ab\" data-element_type=\"column\">\n\t\t\t<div class=\"elementor-widget-wrap elementor-element-populated\">\n\t\t\t\t\t\t\t\t<div class=\"elementor-element elementor-element-4ef33ca elementor-widget elementor-widget-organium_image\" data-id=\"4ef33ca\" data-element_type=\"widget\" data-widget_type=\"organium_image.default\">\n\t\t\t\t<div class=\"elementor-widget-container\">\n\t\t\t        <div class=\"organium_image_widget\">\n            <div class=\"organium_image_container organium_image_style_default\">\n                <img decoding=\"async\" class=\"organium_image_widget_main_image\" src=\"https:\/\/orhan1.com\/wp-content\/uploads\/2022\/08\/orhan111.png\" alt=\"\" \/>\n            <\/div>\n        <\/div>\n        \t\t<\/div>\n\t\t\t\t<\/div>\n\t\t\t\t<div class=\"elementor-element elementor-element-c25dfc2 elementor-widget elementor-widget-organium_heading\" data-id=\"c25dfc2\" data-element_type=\"widget\" data-widget_type=\"organium_heading.default\">\n\t\t\t\t<div class=\"elementor-widget-container\">\n\t\t\t\n        <div class=\"organium_heading_widget\">\n                                <div class=\"organium_up_heading\">- history. 2016 -<\/div>\n                                    <h3 class=\"organium_heading\">\n\n                    Orhan1                <\/h3>\n                        <\/div>\n        \t\t<\/div>\n\t\t\t\t<\/div>\n\t\t\t\t<div class=\"elementor-element elementor-element-31cc54d elementor-widget elementor-widget-text-editor\" data-id=\"31cc54d\" data-element_type=\"widget\" data-widget_type=\"text-editor.default\">\n\t\t\t\t<div class=\"elementor-widget-container\">\n\t\t\t<style>\/*! elementor - v3.7.2 - 21-08-2022 *\/\n.elementor-widget-text-editor.elementor-drop-cap-view-stacked .elementor-drop-cap{background-color:#818a91;color:#fff}.elementor-widget-text-editor.elementor-drop-cap-view-framed .elementor-drop-cap{color:#818a91;border:3px solid;background-color:transparent}.elementor-widget-text-editor:not(.elementor-drop-cap-view-default) .elementor-drop-cap{margin-top:8px}.elementor-widget-text-editor:not(.elementor-drop-cap-view-default) .elementor-drop-cap-letter{width:1em;height:1em}.elementor-widget-text-editor .elementor-drop-cap{float:left;text-align:center;line-height:1;font-size:50px}.elementor-widget-text-editor .elementor-drop-cap-letter{display:inline-block}<\/style>\t\t\t\t<p>\u041d\u0430\u0448\u0430 \u0441\u0435\u043c\u0435\u0439\u043d\u0430\u044f \u043a\u043e\u043c\u043f\u0430\u043d\u0438\u044f, \u043e\u0441\u043d\u043e\u0432\u0430\u043d\u043d\u0430\u044f \u0432 2016 \u0433\u043e\u0434\u0443, \u0438\u043c\u0435\u0435\u0442 \u0434\u043e\u043b\u0433\u0443\u044e \u0438\u0441\u0442\u043e\u0440\u0438\u044e \u0432 \u0441\u0435\u043a\u0442\u043e\u0440\u0435 \u0444\u0440\u0443\u043a\u0442\u043e\u0432 \u0438 \u043e\u0432\u043e\u0449\u0435\u0439 \u0438 \u0432 \u043f\u043e\u0441\u043b\u0435\u0434\u043d\u0438\u0435 \u0433\u043e\u0434\u044b \u0441\u043e\u0441\u0440\u0435\u0434\u043e\u0442\u043e\u0447\u0438\u043b\u0430\u0441\u044c \u0442\u043e\u043b\u044c\u043a\u043e \u043d\u0430 \u044d\u043a\u0441\u043f\u043e\u0440\u0442\u0435.<\/p><p>\u041d\u0430\u0448\u0430 \u043a\u043e\u043c\u043f\u0430\u043d\u0438\u044f, \u043a\u043e\u0442\u043e\u0440\u0430\u044f \u043e\u0441\u0443\u0449\u0435\u0441\u0442\u0432\u043b\u044f\u0435\u0442 \u043f\u0440\u043e\u0438\u0437\u0432\u043e\u0434\u0441\u0442\u0432\u0435\u043d\u043d\u0443\u044e \u0434\u0435\u044f\u0442\u0435\u043b\u044c\u043d\u043e\u0441\u0442\u044c \u0432 \u0447\u0435\u0442\u044b\u0440\u0435\u0445 \u0440\u0430\u0437\u043d\u044b\u0445 \u0440\u0435\u0433\u0438\u043e\u043d\u0430\u0445 \u043d\u0430\u0448\u0435\u0439 \u0441\u0442\u0440\u0430\u043d\u044b, \u043e\u0441\u0443\u0449\u0435\u0441\u0442\u0432\u043b\u044f\u0435\u0442 \u043f\u0435\u0440\u0435\u0440\u0430\u0431\u043e\u0442\u043a\u0443, \u0443\u043f\u0430\u043a\u043e\u0432\u043a\u0443 \u0438 \u0443\u043f\u0430\u043a\u043e\u0432\u043a\u0443 \u043e\u0432\u043e\u0449\u0435\u0439 \u0438 \u0444\u0440\u0443\u043a\u0442\u043e\u0432 \u0432 \u0440\u0435\u0433\u0438\u043e\u043d\u0430\u0445 \u0410\u0434\u0430\u043d\u044b, \u0410\u043d\u0442\u0430\u043b\u0438\u0438, \u0424\u0435\u0442\u0445\u0438\u0435 \u0438 \u0411\u0443\u0440\u0441\u044b.<\/p><p>\u0411\u043b\u0430\u0433\u043e\u0434\u0430\u0440\u044f \u043e\u043f\u044b\u0442\u043d\u043e\u043c\u0443 \u043f\u0435\u0440\u0441\u043e\u043d\u0430\u043b\u0443, \u0440\u0430\u0431\u043e\u0442\u0430\u044e\u0449\u0435\u043c\u0443 \u0432 \u0441\u0432\u043e\u0435\u0439 \u043e\u0431\u043b\u0430\u0441\u0442\u0438, \u043a\u043e\u043c\u043f\u0430\u043d\u0438\u0438 \u0432\u0441\u0435\u0433\u0434\u0430 \u0443\u0434\u0430\u0435\u0442\u0441\u044f \u0434\u043e\u0441\u0442\u0438\u0447\u044c \u0432\u044b\u0441\u043e\u0447\u0430\u0439\u0448\u0435\u0433\u043e \u043a\u0430\u0447\u0435\u0441\u0442\u0432\u0430.<br \/>\u041f\u043e\u0441\u043b\u0435 \u043f\u0440\u0430\u0432\u0438\u043b\u044c\u043d\u043e\u0439 \u0441\u043e\u0440\u0442\u0438\u0440\u043e\u0432\u043a\u0438 \u0438 \u0443\u043f\u0430\u043a\u043e\u0432\u043a\u0438 \u0444\u0440\u0443\u043a\u0442\u043e\u0432 \u0438 \u043e\u0432\u043e\u0449\u0435\u0439 \u0432 \u043f\u043e\u043b\u0435 \u043c\u044b \u0437\u0430\u043f\u0443\u0441\u043a\u0430\u0435\u043c \u043f\u0435\u0440\u0432\u043e\u0435 \u0437\u0432\u0435\u043d\u043e \u0446\u0435\u043f\u0438 \u0445\u043e\u043b\u043e\u0434\u043d\u043e\u0433\u043e \u0432\u043e\u0437\u0434\u0443\u0445\u0430. \u0422\u0430\u043a\u0438\u043c \u043e\u0431\u0440\u0430\u0437\u043e\u043c, \u0441 \u043f\u0440\u0430\u0432\u0438\u043b\u044c\u043d\u043e\u0439 \u0443\u043f\u0430\u043a\u043e\u0432\u043a\u043e\u0439 \u0438 \u043f\u0440\u0430\u0432\u0438\u043b\u044c\u043d\u044b\u043c\u0438 \u0443\u0441\u043b\u043e\u0432\u0438\u044f\u043c\u0438 \u0445\u0440\u0430\u043d\u0435\u043d\u0438\u044f \u043c\u044b \u043e\u0431\u0435\u0441\u043f\u0435\u0447\u0438\u0432\u0430\u0435\u043c \u0434\u043b\u0438\u0442\u0435\u043b\u044c\u043d\u044b\u0439 \u0441\u0440\u043e\u043a \u0433\u043e\u0434\u043d\u043e\u0441\u0442\u0438 \u043d\u0430\u0448\u0435\u0439 \u043f\u0440\u043e\u0434\u0443\u043a\u0446\u0438\u0438.<br \/>\u0427\u0442\u043e\u0431\u044b \u043f\u0440\u043e\u0434\u043e\u043b\u0436\u0438\u0442\u044c \u043d\u0430\u0448 \u0443\u0441\u043f\u0435\u0445, \u043c\u044b \u043f\u044b\u0442\u0430\u0435\u043c\u0441\u044f \u0432\u043c\u0435\u0441\u0442\u0435 \u043f\u0440\u0438\u043d\u0438\u043c\u0430\u0442\u044c \u0440\u0435\u0448\u0435\u043d\u0438\u044f, \u0447\u0442\u043e\u0431\u044b \u0443\u043b\u0443\u0447\u0448\u0438\u0442\u044c \u0441\u0435\u0431\u044f \u0438 \u0444\u0435\u0440\u043c\u0435\u0440\u043e\u0432, \u0441 \u043a\u043e\u0442\u043e\u0440\u044b\u043c\u0438 \u043c\u044b \u0441\u043e\u0442\u0440\u0443\u0434\u043d\u0438\u0447\u0430\u0435\u043c.<\/p><p>\u041d\u0430\u0448\u0430 \u0446\u0435\u043b\u044c; \u041e\u043d \u043d\u0430\u0438\u043b\u0443\u0447\u0448\u0438\u043c \u043e\u0431\u0440\u0430\u0437\u043e\u043c \u043f\u0440\u0435\u0434\u0441\u0442\u0430\u0432\u043b\u044f\u0435\u0442 \u043d\u0430\u0448\u0443 \u043a\u043e\u043c\u043f\u0430\u043d\u0438\u044e \u0438 \u043d\u0430\u0448\u0443 \u0441\u0442\u0440\u0430\u043d\u0443 \u043d\u0430 \u043c\u0435\u0436\u0434\u0443\u043d\u0430\u0440\u043e\u0434\u043d\u043e\u043c \u0440\u044b\u043d\u043a\u0435 \u0441 \u043f\u0440\u0438\u043d\u0446\u0438\u043f\u0430\u043c\u0438 \u043f\u0440\u043e\u0437\u0440\u0430\u0447\u043d\u043e\u0441\u0442\u0438, \u0434\u0438\u043d\u0430\u043c\u0438\u0447\u043d\u043e\u0441\u0442\u0438, \u043e\u0442\u043a\u0440\u044b\u0442\u043e\u0441\u0442\u0438 \u0434\u043b\u044f \u0440\u0430\u0437\u0432\u0438\u0442\u0438\u044f, \u043a\u0430\u0447\u0435\u0441\u0442\u0432\u0435\u043d\u043d\u043e\u0433\u043e \u043f\u0440\u043e\u0438\u0437\u0432\u043e\u0434\u0441\u0442\u0432\u0430, \u0431\u044b\u0441\u0442\u0440\u043e\u0433\u043e \u0438 \u043d\u0430\u0434\u0435\u0436\u043d\u043e\u0433\u043e \u044d\u043a\u0441\u043f\u043e\u0440\u0442\u0430, \u0432\u044b\u0441\u043e\u043a\u043e\u0439 \u0443\u0434\u043e\u0432\u043b\u0435\u0442\u0432\u043e\u0440\u0435\u043d\u043d\u043e\u0441\u0442\u0438 \u043a\u043b\u0438\u0435\u043d\u0442\u043e\u0432.<\/p>\t\t\t\t\t\t<\/div>\n\t\t\t\t<\/div>\n\t\t\t\t<div class=\"elementor-element elementor-element-0bfadff elementor-widget elementor-widget-spacer\" data-id=\"0bfadff\" data-element_type=\"widget\" data-widget_type=\"spacer.default\">\n\t\t\t\t<div class=\"elementor-widget-container\">\n\t\t\t<style>\/*! elementor - v3.7.2 - 21-08-2022 *\/\n.elementor-column .elementor-spacer-inner{height:var(--spacer-size)}.e-container{--container-widget-width:100%}.e-container>.elementor-widget-spacer{width:var(--container-widget-width,var(--spacer-size));-ms-flex-item-align:stretch;align-self:stretch;-ms-flex-negative:0;flex-shrink:0}.e-container>.elementor-widget-spacer>.elementor-widget-container,.e-container>.elementor-widget-spacer>.elementor-widget-container>.elementor-spacer{height:100%}.e-container>.elementor-widget-spacer>.elementor-widget-container>.elementor-spacer>.elementor-spacer-inner{height:var(--container-widget-height,var(--spacer-size))}<\/style>\t\t<div class=\"elementor-spacer\">\n\t\t\t<div class=\"elementor-spacer-inner\"><\/div>\n\t\t<\/div>\n\t\t\t\t<\/div>\n\t\t\t\t<\/div>\n\t\t\t\t\t<\/div>\n\t\t<\/div>\n\t\t\t\t\t\t\t<\/div>\n\t\t<\/section>\n\t\t\t\t<section class=\"elementor-section elementor-top-section elementor-element elementor-element-ef3fd42 elementor-section-boxed elementor-section-height-default elementor-section-height-default\" data-id=\"ef3fd42\" data-element_type=\"section\">\n\t\t\t\t\t\t<div class=\"elementor-container elementor-column-gap-default\">\n\t\t\t\t\t<div class=\"elementor-column elementor-col-100 elementor-top-column elementor-element elementor-element-182a5e3\" data-id=\"182a5e3\" data-element_type=\"column\">\n\t\t\t<div class=\"elementor-widget-wrap elementor-element-populated\">\n\t\t\t\t\t\t\t\t<div class=\"elementor-element elementor-element-a0adf4a elementor-widget elementor-widget-spacer\" data-id=\"a0adf4a\" data-element_type=\"widget\" data-widget_type=\"spacer.default\">\n\t\t\t\t<div class=\"elementor-widget-container\">\n\t\t\t\t\t<div class=\"elementor-spacer\">\n\t\t\t<div class=\"elementor-spacer-inner\"><\/div>\n\t\t<\/div>\n\t\t\t\t<\/div>\n\t\t\t\t<\/div>\n\t\t\t\t\t<\/div>\n\t\t<\/div>\n\t\t\t\t\t\t\t<\/div>\n\t\t<\/section>\n\t\t\t\t<section class=\"elementor-section elementor-top-section elementor-element elementor-element-68e389f elementor-section-boxed elementor-section-height-default elementor-section-height-default\" data-id=\"68e389f\" data-element_type=\"section\">\n\t\t\t\t\t\t<div class=\"elementor-container elementor-column-gap-default\">\n\t\t\t\t\t<div class=\"elementor-column elementor-col-100 elementor-top-column elementor-element elementor-element-b815eb8\" data-id=\"b815eb8\" data-element_type=\"column\">\n\t\t\t<div class=\"elementor-widget-wrap elementor-element-populated\">\n\t\t\t\t\t\t\t\t<div class=\"elementor-element elementor-element-02bdd3a elementor-widget elementor-widget-spacer\" data-id=\"02bdd3a\" data-element_type=\"widget\" data-widget_type=\"spacer.default\">\n\t\t\t\t<div class=\"elementor-widget-container\">\n\t\t\t\t\t<div class=\"elementor-spacer\">\n\t\t\t<div class=\"elementor-spacer-inner\"><\/div>\n\t\t<\/div>\n\t\t\t\t<\/div>\n\t\t\t\t<\/div>\n\t\t\t\t\t<\/div>\n\t\t<\/div>\n\t\t\t\t\t\t\t<\/div>\n\t\t<\/section>\n\t\t\t\t<section class=\"elementor-section elementor-top-section elementor-element elementor-element-3d1cd5e elementor-section-stretched elementor-section-full_width elementor-section-height-default elementor-section-height-default\" data-id=\"3d1cd5e\" data-element_type=\"section\" data-settings=\"{&quot;stretch_section&quot;:&quot;section-stretched&quot;,&quot;background_background&quot;:&quot;classic&quot;}\">\n\t\t\t\t\t\t<div class=\"elementor-container elementor-column-gap-no\">\n\t\t\t\t\t<div class=\"elementor-column elementor-col-100 elementor-top-column elementor-element elementor-element-e1268c7\" data-id=\"e1268c7\" data-element_type=\"column\">\n\t\t\t<div class=\"elementor-widget-wrap elementor-element-populated\">\n\t\t\t\t\t\t\t\t<section class=\"elementor-section elementor-inner-section elementor-element elementor-element-42fb59e elementor-section-boxed elementor-section-height-default elementor-section-height-default\" data-id=\"42fb59e\" data-element_type=\"section\">\n\t\t\t\t\t\t<div class=\"elementor-container elementor-column-gap-no\">\n\t\t\t\t\t<div class=\"elementor-column elementor-col-100 elementor-inner-column elementor-element elementor-element-02fd7a6\" data-id=\"02fd7a6\" data-element_type=\"column\">\n\t\t\t<div class=\"elementor-widget-wrap elementor-element-populated\">\n\t\t\t\t\t\t\t\t<div class=\"elementor-element elementor-element-fe4f8a4 elementor-widget elementor-widget-organium_heading\" data-id=\"fe4f8a4\" data-element_type=\"widget\" data-widget_type=\"organium_heading.default\">\n\t\t\t\t<div class=\"elementor-widget-container\">\n\t\t\t\n        <div class=\"organium_heading_widget\">\n                                <div class=\"organium_up_heading\">- history. 2016 -<\/div>\n                                    <h2 class=\"organium_heading\">\n\n                    \u041e\u0442 \u043f\u0440\u043e\u0448\u043b\u043e\u0433\u043e \u043a \u043d\u0430\u0441\u0442\u043e\u044f\u0449\u0435\u043c\u0443                <\/h2>\n                        <\/div>\n        \t\t<\/div>\n\t\t\t\t<\/div>\n\t\t\t\t\t<\/div>\n\t\t<\/div>\n\t\t\t\t\t\t\t<\/div>\n\t\t<\/section>\n\t\t\t\t<section class=\"elementor-section elementor-inner-section elementor-element elementor-element-15d3102 elementor-section-boxed elementor-section-height-default elementor-section-height-default\" data-id=\"15d3102\" data-element_type=\"section\">\n\t\t\t\t\t\t<div class=\"elementor-container elementor-column-gap-default\">\n\t\t\t\t\t<div class=\"elementor-column elementor-col-100 elementor-inner-column elementor-element elementor-element-e241ebe\" data-id=\"e241ebe\" data-element_type=\"column\">\n\t\t\t<div class=\"elementor-widget-wrap\">\n\t\t\t\t\t\t\t\t\t<\/div>\n\t\t<\/div>\n\t\t\t\t\t\t\t<\/div>\n\t\t<\/section>\n\t\t\t\t<div class=\"elementor-element elementor-element-53495c3 elementor-absolute elementor-hidden-tablet elementor-hidden-phone elementor-widget elementor-widget-image\" data-id=\"53495c3\" data-element_type=\"widget\" data-settings=\"{&quot;_position&quot;:&quot;absolute&quot;}\" data-widget_type=\"image.default\">\n\t\t\t\t<div class=\"elementor-widget-container\">\n\t\t\t<style>\/*! elementor - v3.7.2 - 21-08-2022 *\/\n.elementor-widget-image{text-align:center}.elementor-widget-image a{display:inline-block}.elementor-widget-image a img[src$=\".svg\"]{width:48px}.elementor-widget-image img{vertical-align:middle;display:inline-block}<\/style>\t\t\t\t\t\t\t\t\t\t\t\t<img loading=\"lazy\" decoding=\"async\" width=\"278\" height=\"188\" src=\"https:\/\/orhan1.com\/wp-content\/uploads\/2020\/06\/contacts-pic-1.png\" class=\"attachment-full size-full\" alt=\"\" \/>\t\t\t\t\t\t\t\t\t\t\t\t\t\t\t<\/div>\n\t\t\t\t<\/div>\n\t\t\t\t\t<\/div>\n\t\t<\/div>\n\t\t\t\t\t\t\t<\/div>\n\t\t<\/section>\n\t\t\t\t<section class=\"elementor-section elementor-top-section elementor-element elementor-element-2df5823 elementor-section-boxed elementor-section-height-default elementor-section-height-default\" data-id=\"2df5823\" data-element_type=\"section\">\n\t\t\t\t\t\t<div class=\"elementor-container elementor-column-gap-default\">\n\t\t\t\t\t<div class=\"elementor-column elementor-col-100 elementor-top-column elementor-element elementor-element-a380f41\" data-id=\"a380f41\" data-element_type=\"column\">\n\t\t\t<div class=\"elementor-widget-wrap elementor-element-populated\">\n\t\t\t\t\t\t\t\t<div class=\"elementor-element elementor-element-c0704dd elementor-widget elementor-widget-organium_timeline\" data-id=\"c0704dd\" data-element_type=\"widget\" data-widget_type=\"organium_timeline.default\">\n\t\t\t\t<div class=\"elementor-widget-container\">\n\t\t\t\n        <div class=\"organium_timeline_widget columns_4\">\n            <div class=\"organium_timeline_item\"><div class=\"organium_timeline_dot\"><\/div><div class=\"organium_timeline_date\">2016<\/div><h6 class=\"organium_timeline_title\">\u0423\u0447\u0440\u0435\u0436\u0434\u0435\u043d\u0438\u0435<\/h6><div class=\"organium_timeline_content\"><\/div><\/div><div class=\"organium_timeline_item\"><div class=\"organium_timeline_dot\"><\/div><div class=\"organium_timeline_date\">2017<\/div><h6 class=\"organium_timeline_title\">\u042d\u043a\u0441\u043f\u043e\u0440\u0442<\/h6><div class=\"organium_timeline_content\"><\/div><\/div><div class=\"organium_timeline_item\"><div class=\"organium_timeline_dot\"><\/div><div class=\"organium_timeline_date\">2019<\/div><h6 class=\"organium_timeline_title\">\u041a\u0432\u0430\u043b\u0438\u0444\u0438\u0446\u0438\u0440\u043e\u0432\u0430\u043d\u043d\u044b\u0439 \u043f\u0435\u0440\u0441\u043e\u043d\u0430\u043b<\/h6><div class=\"organium_timeline_content\"><\/div><\/div><div class=\"organium_timeline_item\"><div class=\"organium_timeline_dot\"><\/div><div class=\"organium_timeline_date\">2022<\/div><h6 class=\"organium_timeline_title\">\u041b\u0438\u0434\u0435\u0440 \u043e\u0442\u0440\u0430\u0441\u043b\u0438<\/h6><div class=\"organium_timeline_content\"><\/div><\/div>        <\/div>\n        \t\t<\/div>\n\t\t\t\t<\/div>\n\t\t\t\t<div class=\"elementor-element elementor-element-276b3b5 elementor-widget elementor-widget-spacer\" data-id=\"276b3b5\" data-element_type=\"widget\" data-widget_type=\"spacer.default\">\n\t\t\t\t<div class=\"elementor-widget-container\">\n\t\t\t\t\t<div class=\"elementor-spacer\">\n\t\t\t<div class=\"elementor-spacer-inner\"><\/div>\n\t\t<\/div>\n\t\t\t\t<\/div>\n\t\t\t\t<\/div>\n\t\t\t\t\t<\/div>\n\t\t<\/div>\n\t\t\t\t\t\t\t<\/div>\n\t\t<\/section>\n\t\t\t\t\t\t\t<\/div>","protected":false},"excerpt":{"rendered":"<p>Kurulu\u015fu 2016 y\u0131l\u0131 olan Aile firmam\u0131z\u0131n Meyve\u00a0 Sebze sekt\u00f6r\u00fcndeki ge\u00e7mi\u015fi \u00e7ok uzun y\u0131llara dayanmakta olup son y\u0131llarda sadece \u0130hracat alan\u0131na odaklanmaktad\u0131r. \u00dclkemizin d\u00f6rt farkl\u0131 b\u00f6lgesinde \u00fcretim faaliyetinde bulunan firmam\u0131z, Adana ,\u00a0 Antalya Fethiye ve Bursa b\u00f6lgelerinde Sebze ve Meyve i\u015fleme Paketleme, Ambalajlama i\u015flemleri ger\u00e7ekle\u015ftirmektedir. B\u00fcnyesinde istihdam etti\u011fi alan\u0131nda uzman personel ile,daima en y\u00fcksek kaliteyi \u00a0elde [&hellip;]<\/p>","protected":false},"author":1,"featured_media":0,"parent":0,"menu_order":0,"comment_status":"closed","ping_status":"closed","template":"","meta":{"_monsterinsights_skip_tracking":false,"_monsterinsights_sitenote_active":false,"_monsterinsights_sitenote_note":"","_monsterinsights_sitenote_category":0,"footnotes":""},"class_list":["post-224","page","type-page","status-publish","hentry"],"aioseo_notices":[],"_links":{"self":[{"href":"https:\/\/orhan1.com\/ru\/wp-json\/wp\/v2\/pages\/224","targetHints":{"allow":["GET"]}}],"collection":[{"href":"https:\/\/orhan1.com\/ru\/wp-json\/wp\/v2\/pages"}],"about":[{"href":"https:\/\/orhan1.com\/ru\/wp-json\/wp\/v2\/types\/page"}],"author":[{"embeddable":true,"href":"https:\/\/orhan1.com\/ru\/wp-json\/wp\/v2\/users\/1"}],"replies":[{"embeddable":true,"href":"https:\/\/orhan1.com\/ru\/wp-json\/wp\/v2\/comments?post=224"}],"version-history":[{"count":32,"href":"https:\/\/orhan1.com\/ru\/wp-json\/wp\/v2\/pages\/224\/revisions"}],"predecessor-version":[{"id":4253,"href":"https:\/\/orhan1.com\/ru\/wp-json\/wp\/v2\/pages\/224\/revisions\/4253"}],"wp:attachment":[{"href":"https:\/\/orhan1.com\/ru\/wp-json\/wp\/v2\/media?parent=224"}],"curies":[{"name":"wp","href":"https:\/\/api.w.org\/{rel}","templated":true}]}}