{"id":4099,"date":"2022-09-22T18:38:37","date_gmt":"2022-09-22T15:38:37","guid":{"rendered":"https:\/\/orhan1.com\/?post_type=product&#038;p=4099"},"modified":"2022-09-22T19:05:59","modified_gmt":"2022-09-22T16:05:59","slug":"margret-armut","status":"publish","type":"product","link":"https:\/\/orhan1.com\/en\/product\/margret-armut\/","title":{"rendered":"Margret"},"content":{"rendered":"<p><strong>Shipping Options<\/strong><\/p>\n<p><strong>Box :<\/strong> Plastic Box 10 cm x 30 cm x 50 cm<\/p>\n<p><strong>Size :<\/strong> A - 14 \/ 16 \/ 18 \/ 20 (+70 mm)<\/p>\n<p><strong>Size :<\/strong> B-22 \/ 24 \/\u00a0 (+60mm \/ 69 mm)<\/p>\n<p><strong>Box Kg (Gross) :<\/strong> 4.6 \/ 5.4<\/p>\n<p><strong>Pallet Size :<\/strong> 120 x 100 cm\u00a0 \u2013\u00a0 80 x 120 cm<\/p>\n<p><strong>Product Delivery Dates:<\/strong><\/p>\n<p><img loading=\"lazy\" decoding=\"async\" class=\"alignnone size-medium wp-image-4101\" src=\"https:\/\/orhan1.com\/wp-content\/uploads\/2022\/09\/armuticin-300x72.jpg\" alt=\"\" width=\"300\" height=\"72\" srcset=\"https:\/\/orhan1.com\/wp-content\/uploads\/2022\/09\/armuticin-300x72.jpg 300w, https:\/\/orhan1.com\/wp-content\/uploads\/2022\/09\/armuticin-18x4.jpg 18w, https:\/\/orhan1.com\/wp-content\/uploads\/2022\/09\/armuticin.jpg 613w\" sizes=\"auto, (max-width: 300px) 100vw, 300px\" \/><\/p>\n<p><strong>How can the product be shipped?<\/strong><\/p>\n<p><img loading=\"lazy\" decoding=\"async\" class=\"alignnone size-medium wp-image-4049\" src=\"https:\/\/orhan1.com\/wp-content\/uploads\/2020\/06\/klargoo-300x104.png\" alt=\"\" width=\"300\" height=\"104\" srcset=\"https:\/\/orhan1.com\/wp-content\/uploads\/2020\/06\/klargoo-300x104.png 300w, https:\/\/orhan1.com\/wp-content\/uploads\/2020\/06\/klargoo-18x6.png 18w, https:\/\/orhan1.com\/wp-content\/uploads\/2020\/06\/klargoo.png 672w\" sizes=\"auto, (max-width: 300px) 100vw, 300px\" \/><\/p>","protected":false},"excerpt":{"rendered":"<p>Fruit Structure<\/p>\n<p>Large, sometimes very large.<br \/>\nNarrow pedicle and flower section, very fatty\nmiddle section.<br \/>\norta b\u00f6l\u00fcm. Ye\u015fil sar\u0131 \u00fczerinde sivilceli<br \/>\nSpotty on the green yellow\nground.<br \/>\nResistant to long storage in cold\nstorage facilities.<br \/>\nTaste quality: Sandy flavor, average juicy\nand<br \/>\naverage sweet<br \/>\nHarvest date:1-20 October<\/p>","protected":false},"featured_media":3839,"comment_status":"open","ping_status":"closed","template":"","meta":{"_monsterinsights_skip_tracking":false,"_monsterinsights_sitenote_active":false,"_monsterinsights_sitenote_note":"","_monsterinsights_sitenote_category":0},"product_cat":[80],"product_tag":[40],"class_list":["post-4099","product","type-product","status-publish","has-post-thumbnail","hentry","product_cat-meyve","product_tag-meyve"],"aioseo_notices":[],"_links":{"self":[{"href":"https:\/\/orhan1.com\/en\/wp-json\/wp\/v2\/product\/4099","targetHints":{"allow":["GET"]}}],"collection":[{"href":"https:\/\/orhan1.com\/en\/wp-json\/wp\/v2\/product"}],"about":[{"href":"https:\/\/orhan1.com\/en\/wp-json\/wp\/v2\/types\/product"}],"replies":[{"embeddable":true,"href":"https:\/\/orhan1.com\/en\/wp-json\/wp\/v2\/comments?post=4099"}],"wp:featuredmedia":[{"embeddable":true,"href":"https:\/\/orhan1.com\/en\/wp-json\/wp\/v2\/media\/3839"}],"wp:attachment":[{"href":"https:\/\/orhan1.com\/en\/wp-json\/wp\/v2\/media?parent=4099"}],"wp:term":[{"taxonomy":"product_cat","embeddable":true,"href":"https:\/\/orhan1.com\/en\/wp-json\/wp\/v2\/product_cat?post=4099"},{"taxonomy":"product_tag","embeddable":true,"href":"https:\/\/orhan1.com\/en\/wp-json\/wp\/v2\/product_tag?post=4099"}],"curies":[{"name":"wp","href":"https:\/\/api.w.org\/{rel}","templated":true}]}}