{"id":241,"date":"2020-04-09T10:01:29","date_gmt":"2020-04-09T10:01:29","guid":{"rendered":"https:\/\/organium.artureanec.com\/?page_id=241"},"modified":"2022-12-08T23:47:30","modified_gmt":"2022-12-08T20:47:30","slug":"orhan1-galeri","status":"publish","type":"page","link":"https:\/\/orhan1.com\/en\/orhan1-galeri\/","title":{"rendered":"Gallery"},"content":{"rendered":"<div data-elementor-type=\"wp-page\" data-elementor-id=\"241\" class=\"elementor elementor-241\">\n\t\t\t\t\t\t\t\t\t<section class=\"elementor-section elementor-top-section elementor-element elementor-element-1ab95f6 elementor-section-boxed elementor-section-height-default elementor-section-height-default\" data-id=\"1ab95f6\" data-element_type=\"section\">\n\t\t\t\t\t\t<div class=\"elementor-container elementor-column-gap-default\">\n\t\t\t\t\t<div class=\"elementor-column elementor-col-100 elementor-top-column elementor-element elementor-element-9c98288\" data-id=\"9c98288\" data-element_type=\"column\">\n\t\t\t<div class=\"elementor-widget-wrap elementor-element-populated\">\n\t\t\t\t\t\t\t\t<div class=\"elementor-element elementor-element-e316bfb image_style_1 elementor-widget elementor-widget-image-carousel\" data-id=\"e316bfb\" data-element_type=\"widget\" data-settings=\"{&quot;slides_to_show&quot;:&quot;3&quot;,&quot;slides_to_scroll&quot;:&quot;1&quot;,&quot;navigation&quot;:&quot;dots&quot;,&quot;image_spacing_custom&quot;:{&quot;unit&quot;:&quot;px&quot;,&quot;size&quot;:30,&quot;sizes&quot;:[]},&quot;autoplay&quot;:&quot;yes&quot;,&quot;pause_on_hover&quot;:&quot;yes&quot;,&quot;pause_on_interaction&quot;:&quot;yes&quot;,&quot;autoplay_speed&quot;:5000,&quot;infinite&quot;:&quot;yes&quot;,&quot;speed&quot;:500}\" data-widget_type=\"image-carousel.default\">\n\t\t\t\t<div class=\"elementor-widget-container\">\n\t\t\t<style>\/*! elementor - v3.7.2 - 21-08-2022 *\/\n.elementor-widget-image-carousel .swiper-container{position:static}.elementor-widget-image-carousel .swiper-container .swiper-slide figure{line-height:inherit}.elementor-widget-image-carousel .swiper-slide{text-align:center}.elementor-image-carousel-wrapper:not(.swiper-container-initialized) .swiper-slide{max-width:calc(100% \/ var(--e-image-carousel-slides-to-show, 3))}<\/style>\t\t<div class=\"elementor-image-carousel-wrapper swiper-container\" dir=\"ltr\">\n\t\t\t<div class=\"elementor-image-carousel swiper-wrapper\">\n\t\t\t\t\t\t\t\t<div class=\"swiper-slide\"><a data-elementor-open-lightbox=\"yes\" data-elementor-lightbox-slideshow=\"e316bfb\" data-elementor-lightbox-title=\"dikenlisalatal\u0131k\" e-action-hash=\"#elementor-action%3Aaction%3Dlightbox%26settings%3DeyJpZCI6Mzk1MCwidXJsIjoiaHR0cHM6XC9cL29yaGFuMS5jb21cL3dwLWNvbnRlbnRcL3VwbG9hZHNcLzIwMjJcLzA5XC9kaWtlbmxpc2FsYXRhbGlrLmpwZyIsInNsaWRlc2hvdyI6ImUzMTZiZmIifQ%3D%3D\" href=\"https:\/\/orhan1.com\/wp-content\/uploads\/2022\/09\/dikenlisalatalik.jpg\"><figure class=\"swiper-slide-inner\"><img decoding=\"async\" class=\"swiper-slide-image\" src=\"https:\/\/orhan1.com\/wp-content\/uploads\/2022\/09\/dikenlisalatalik-768x768.jpg\" alt=\"dikenlisalatal\u0131k\" \/><\/figure><\/a><\/div><div class=\"swiper-slide\"><a data-elementor-open-lightbox=\"yes\" data-elementor-lightbox-slideshow=\"e316bfb\" data-elementor-lightbox-title=\"salataflamingo\" e-action-hash=\"#elementor-action%3Aaction%3Dlightbox%26settings%3DeyJpZCI6Mzk0OSwidXJsIjoiaHR0cHM6XC9cL29yaGFuMS5jb21cL3dwLWNvbnRlbnRcL3VwbG9hZHNcLzIwMjJcLzA5XC9zYWxhdGFmbGFtaW5nby5qcGciLCJzbGlkZXNob3ciOiJlMzE2YmZiIn0%3D\" href=\"https:\/\/orhan1.com\/wp-content\/uploads\/2022\/09\/salataflamingo.jpg\"><figure class=\"swiper-slide-inner\"><img decoding=\"async\" class=\"swiper-slide-image\" src=\"https:\/\/orhan1.com\/wp-content\/uploads\/2022\/09\/salataflamingo-768x768.jpg\" alt=\"salataflamingo\" \/><\/figure><\/a><\/div><div class=\"swiper-slide\"><a data-elementor-open-lightbox=\"yes\" data-elementor-lightbox-slideshow=\"e316bfb\" data-elementor-lightbox-title=\"KABAK\" e-action-hash=\"#elementor-action%3Aaction%3Dlightbox%26settings%3DeyJpZCI6Mzk0NSwidXJsIjoiaHR0cHM6XC9cL29yaGFuMS5jb21cL3dwLWNvbnRlbnRcL3VwbG9hZHNcLzIwMjJcLzA5XC9LQUJWQUtLSy5qcGciLCJzbGlkZXNob3ciOiJlMzE2YmZiIn0%3D\" href=\"https:\/\/orhan1.com\/wp-content\/uploads\/2022\/09\/KABVAKKK.jpg\"><figure class=\"swiper-slide-inner\"><img decoding=\"async\" class=\"swiper-slide-image\" src=\"https:\/\/orhan1.com\/wp-content\/uploads\/2022\/09\/KABVAKKK-768x768.jpg\" alt=\"KABAK\" \/><\/figure><\/a><\/div><div class=\"swiper-slide\"><a data-elementor-open-lightbox=\"yes\" data-elementor-lightbox-slideshow=\"e316bfb\" data-elementor-lightbox-title=\"KR\u0130STAL\" e-action-hash=\"#elementor-action%3Aaction%3Dlightbox%26settings%3DeyJpZCI6Mzk0MSwidXJsIjoiaHR0cHM6XC9cL29yaGFuMS5jb21cL3dwLWNvbnRlbnRcL3VwbG9hZHNcLzIwMjJcLzA5XC9LUklTVEFMMTExLmpwZyIsInNsaWRlc2hvdyI6ImUzMTZiZmIifQ%3D%3D\" href=\"https:\/\/orhan1.com\/wp-content\/uploads\/2022\/09\/KRISTAL111.jpg\"><figure class=\"swiper-slide-inner\"><img decoding=\"async\" class=\"swiper-slide-image\" src=\"https:\/\/orhan1.com\/wp-content\/uploads\/2022\/09\/KRISTAL111-768x768.jpg\" alt=\"KR\u0130STAL\" \/><\/figure><\/a><\/div><div class=\"swiper-slide\"><a data-elementor-open-lightbox=\"yes\" data-elementor-lightbox-slideshow=\"e316bfb\" data-elementor-lightbox-title=\"MACAR\" e-action-hash=\"#elementor-action%3Aaction%3Dlightbox%26settings%3DeyJpZCI6MzkzNiwidXJsIjoiaHR0cHM6XC9cL29yaGFuMS5jb21cL3dwLWNvbnRlbnRcL3VwbG9hZHNcLzIwMjJcLzA5XC9NQUNBUlIuanBnIiwic2xpZGVzaG93IjoiZTMxNmJmYiJ9\" href=\"https:\/\/orhan1.com\/wp-content\/uploads\/2022\/09\/MACARR.jpg\"><figure class=\"swiper-slide-inner\"><img decoding=\"async\" class=\"swiper-slide-image\" src=\"https:\/\/orhan1.com\/wp-content\/uploads\/2022\/09\/MACARR-768x768.jpg\" alt=\"MACAR\" \/><\/figure><\/a><\/div><div class=\"swiper-slide\"><a data-elementor-open-lightbox=\"yes\" data-elementor-lightbox-slideshow=\"e316bfb\" data-elementor-lightbox-title=\"\u00c7ARL\u0130STONB\u0130BER\" e-action-hash=\"#elementor-action%3Aaction%3Dlightbox%26settings%3DeyJpZCI6MzkzMiwidXJsIjoiaHR0cHM6XC9cL29yaGFuMS5jb21cL3dwLWNvbnRlbnRcL3VwbG9hZHNcLzIwMjJcLzA5XC9DQVJMSVNUT05CSUJFUi5qcGciLCJzbGlkZXNob3ciOiJlMzE2YmZiIn0%3D\" href=\"https:\/\/orhan1.com\/wp-content\/uploads\/2022\/09\/CARLISTONBIBER.jpg\"><figure class=\"swiper-slide-inner\"><img decoding=\"async\" class=\"swiper-slide-image\" src=\"https:\/\/orhan1.com\/wp-content\/uploads\/2022\/09\/CARLISTONBIBER-768x768.jpg\" alt=\"\u00c7ARL\u0130STONB\u0130BER\" \/><\/figure><\/a><\/div><div class=\"swiper-slide\"><a data-elementor-open-lightbox=\"yes\" data-elementor-lightbox-slideshow=\"e316bfb\" data-elementor-lightbox-title=\"DOLMAB\u0130BER\" e-action-hash=\"#elementor-action%3Aaction%3Dlightbox%26settings%3DeyJpZCI6MzkyOCwidXJsIjoiaHR0cHM6XC9cL29yaGFuMS5jb21cL3dwLWNvbnRlbnRcL3VwbG9hZHNcLzIwMjJcLzA5XC9ET0xNQUJJQkVSLmpwZyIsInNsaWRlc2hvdyI6ImUzMTZiZmIifQ%3D%3D\" href=\"https:\/\/orhan1.com\/wp-content\/uploads\/2022\/09\/DOLMABIBER.jpg\"><figure class=\"swiper-slide-inner\"><img decoding=\"async\" class=\"swiper-slide-image\" src=\"https:\/\/orhan1.com\/wp-content\/uploads\/2022\/09\/DOLMABIBER-768x768.jpg\" alt=\"DOLMAB\u0130BER\" \/><\/figure><\/a><\/div><div class=\"swiper-slide\"><a data-elementor-open-lightbox=\"yes\" data-elementor-lightbox-slideshow=\"e316bfb\" data-elementor-lightbox-title=\"KAPYA\" e-action-hash=\"#elementor-action%3Aaction%3Dlightbox%26settings%3DeyJpZCI6MzkyNCwidXJsIjoiaHR0cHM6XC9cL29yaGFuMS5jb21cL3dwLWNvbnRlbnRcL3VwbG9hZHNcLzIwMjJcLzA5XC9LQVBZQUEuanBnIiwic2xpZGVzaG93IjoiZTMxNmJmYiJ9\" href=\"https:\/\/orhan1.com\/wp-content\/uploads\/2022\/09\/KAPYAA.jpg\"><figure class=\"swiper-slide-inner\"><img decoding=\"async\" class=\"swiper-slide-image\" src=\"https:\/\/orhan1.com\/wp-content\/uploads\/2022\/09\/KAPYAA-768x768.jpg\" alt=\"KAPYA\" \/><\/figure><\/a><\/div><div class=\"swiper-slide\"><a data-elementor-open-lightbox=\"yes\" data-elementor-lightbox-slideshow=\"e316bfb\" data-elementor-lightbox-title=\"CH\u0130L\u0130\" e-action-hash=\"#elementor-action%3Aaction%3Dlightbox%26settings%3DeyJpZCI6MzkyMCwidXJsIjoiaHR0cHM6XC9cL29yaGFuMS5jb21cL3dwLWNvbnRlbnRcL3VwbG9hZHNcLzIwMjJcLzA5XC9DSElMSS5qcGciLCJzbGlkZXNob3ciOiJlMzE2YmZiIn0%3D\" href=\"https:\/\/orhan1.com\/wp-content\/uploads\/2022\/09\/CHILI.jpg\"><figure class=\"swiper-slide-inner\"><img decoding=\"async\" class=\"swiper-slide-image\" src=\"https:\/\/orhan1.com\/wp-content\/uploads\/2022\/09\/CHILI-768x768.jpg\" alt=\"CH\u0130L\u0130\" \/><\/figure><\/a><\/div><div class=\"swiper-slide\"><a data-elementor-open-lightbox=\"yes\" data-elementor-lightbox-slideshow=\"e316bfb\" data-elementor-lightbox-title=\"CAL\u0130FORN\u0130A\" e-action-hash=\"#elementor-action%3Aaction%3Dlightbox%26settings%3DeyJpZCI6MzkxNiwidXJsIjoiaHR0cHM6XC9cL29yaGFuMS5jb21cL3dwLWNvbnRlbnRcL3VwbG9hZHNcLzIwMjJcLzA5XC9DQUxJRk9STklBLmpwZyIsInNsaWRlc2hvdyI6ImUzMTZiZmIifQ%3D%3D\" href=\"https:\/\/orhan1.com\/wp-content\/uploads\/2022\/09\/CALIFORNIA.jpg\"><figure class=\"swiper-slide-inner\"><img decoding=\"async\" class=\"swiper-slide-image\" src=\"https:\/\/orhan1.com\/wp-content\/uploads\/2022\/09\/CALIFORNIA-768x768.jpg\" alt=\"CAL\u0130FORN\u0130A\" \/><\/figure><\/a><\/div><div class=\"swiper-slide\"><a data-elementor-open-lightbox=\"yes\" data-elementor-lightbox-slideshow=\"e316bfb\" data-elementor-lightbox-title=\"KIZILKAYAF1\" e-action-hash=\"#elementor-action%3Aaction%3Dlightbox%26settings%3DeyJpZCI6MzkxMiwidXJsIjoiaHR0cHM6XC9cL29yaGFuMS5jb21cL3dwLWNvbnRlbnRcL3VwbG9hZHNcLzIwMjJcLzA5XC9LSVpJTEtBWUFGMS5qcGciLCJzbGlkZXNob3ciOiJlMzE2YmZiIn0%3D\" href=\"https:\/\/orhan1.com\/wp-content\/uploads\/2022\/09\/KIZILKAYAF1.jpg\"><figure class=\"swiper-slide-inner\"><img decoding=\"async\" class=\"swiper-slide-image\" src=\"https:\/\/orhan1.com\/wp-content\/uploads\/2022\/09\/KIZILKAYAF1-768x768.jpg\" alt=\"KIZILKAYAF1\" \/><\/figure><\/a><\/div><div class=\"swiper-slide\"><a data-elementor-open-lightbox=\"yes\" data-elementor-lightbox-slideshow=\"e316bfb\" data-elementor-lightbox-title=\"BESTONAF1\" e-action-hash=\"#elementor-action%3Aaction%3Dlightbox%26settings%3DeyJpZCI6MzkwOCwidXJsIjoiaHR0cHM6XC9cL29yaGFuMS5jb21cL3dwLWNvbnRlbnRcL3VwbG9hZHNcLzIwMjJcLzA5XC9CRVNUT05BRjExMTEuanBnIiwic2xpZGVzaG93IjoiZTMxNmJmYiJ9\" href=\"https:\/\/orhan1.com\/wp-content\/uploads\/2022\/09\/BESTONAF1111.jpg\"><figure class=\"swiper-slide-inner\"><img decoding=\"async\" class=\"swiper-slide-image\" src=\"https:\/\/orhan1.com\/wp-content\/uploads\/2022\/09\/BESTONAF1111-768x768.jpg\" alt=\"BESTONAF1\" \/><\/figure><\/a><\/div><div class=\"swiper-slide\"><a data-elementor-open-lightbox=\"yes\" data-elementor-lightbox-slideshow=\"e316bfb\" data-elementor-lightbox-title=\"koktely1\" e-action-hash=\"#elementor-action%3Aaction%3Dlightbox%26settings%3DeyJpZCI6MzkwMSwidXJsIjoiaHR0cHM6XC9cL29yaGFuMS5jb21cL3dwLWNvbnRlbnRcL3VwbG9hZHNcLzIwMjJcLzA5XC9rb2t0ZWx5MS5qcGciLCJzbGlkZXNob3ciOiJlMzE2YmZiIn0%3D\" href=\"https:\/\/orhan1.com\/wp-content\/uploads\/2022\/09\/koktely1.jpg\"><figure class=\"swiper-slide-inner\"><img decoding=\"async\" class=\"swiper-slide-image\" src=\"https:\/\/orhan1.com\/wp-content\/uploads\/2022\/09\/koktely1-768x768.jpg\" alt=\"koktely1\" \/><\/figure><\/a><\/div><div class=\"swiper-slide\"><a data-elementor-open-lightbox=\"yes\" data-elementor-lightbox-slideshow=\"e316bfb\" data-elementor-lightbox-title=\"salk\u0131m\" e-action-hash=\"#elementor-action%3Aaction%3Dlightbox%26settings%3DeyJpZCI6MzkwMCwidXJsIjoiaHR0cHM6XC9cL29yaGFuMS5jb21cL3dwLWNvbnRlbnRcL3VwbG9hZHNcLzIwMjJcLzA5XC9zYWxraW0uanBnIiwic2xpZGVzaG93IjoiZTMxNmJmYiJ9\" href=\"https:\/\/orhan1.com\/wp-content\/uploads\/2022\/09\/salkim.jpg\"><figure class=\"swiper-slide-inner\"><img decoding=\"async\" class=\"swiper-slide-image\" src=\"https:\/\/orhan1.com\/wp-content\/uploads\/2022\/09\/salkim-768x768.jpg\" alt=\"salk\u0131m\" \/><\/figure><\/a><\/div><div class=\"swiper-slide\"><a data-elementor-open-lightbox=\"yes\" data-elementor-lightbox-slideshow=\"e316bfb\" data-elementor-lightbox-title=\"salatal\u0131k\" e-action-hash=\"#elementor-action%3Aaction%3Dlightbox%26settings%3DeyJpZCI6Mzg5MSwidXJsIjoiaHR0cHM6XC9cL29yaGFuMS5jb21cL3dwLWNvbnRlbnRcL3VwbG9hZHNcLzIwMjJcLzA5XC9zYWxhdGFsaWtra2suanBnIiwic2xpZGVzaG93IjoiZTMxNmJmYiJ9\" href=\"https:\/\/orhan1.com\/wp-content\/uploads\/2022\/09\/salatalikkkk.jpg\"><figure class=\"swiper-slide-inner\"><img decoding=\"async\" class=\"swiper-slide-image\" src=\"https:\/\/orhan1.com\/wp-content\/uploads\/2022\/09\/salatalikkkk-768x768.jpg\" alt=\"salatal\u0131k\" \/><\/figure><\/a><\/div><div class=\"swiper-slide\"><a data-elementor-open-lightbox=\"yes\" data-elementor-lightbox-slideshow=\"e316bfb\" data-elementor-lightbox-title=\"salatal\u0131kk\" e-action-hash=\"#elementor-action%3Aaction%3Dlightbox%26settings%3DeyJpZCI6Mzg4NywidXJsIjoiaHR0cHM6XC9cL29yaGFuMS5jb21cL3dwLWNvbnRlbnRcL3VwbG9hZHNcLzIwMjJcLzA5XC9zYWxhdGFsaWtrLmpwZyIsInNsaWRlc2hvdyI6ImUzMTZiZmIifQ%3D%3D\" href=\"https:\/\/orhan1.com\/wp-content\/uploads\/2022\/09\/salatalikk.jpg\"><figure class=\"swiper-slide-inner\"><img decoding=\"async\" class=\"swiper-slide-image\" src=\"https:\/\/orhan1.com\/wp-content\/uploads\/2022\/09\/salatalikk-768x768.jpg\" alt=\"salatal\u0131kk\" \/><\/figure><\/a><\/div><div class=\"swiper-slide\"><a data-elementor-open-lightbox=\"yes\" data-elementor-lightbox-slideshow=\"e316bfb\" data-elementor-lightbox-title=\"kabakk\" e-action-hash=\"#elementor-action%3Aaction%3Dlightbox%26settings%3DeyJpZCI6Mzg4MywidXJsIjoiaHR0cHM6XC9cL29yaGFuMS5jb21cL3dwLWNvbnRlbnRcL3VwbG9hZHNcLzIwMjJcLzA5XC9rYWJha2suanBnIiwic2xpZGVzaG93IjoiZTMxNmJmYiJ9\" href=\"https:\/\/orhan1.com\/wp-content\/uploads\/2022\/09\/kabakk.jpg\"><figure class=\"swiper-slide-inner\"><img decoding=\"async\" class=\"swiper-slide-image\" src=\"https:\/\/orhan1.com\/wp-content\/uploads\/2022\/09\/kabakk-768x768.jpg\" alt=\"kabakk\" \/><\/figure><\/a><\/div><div class=\"swiper-slide\"><a data-elementor-open-lightbox=\"yes\" data-elementor-lightbox-slideshow=\"e316bfb\" data-elementor-lightbox-title=\"patl\u0131cann\" e-action-hash=\"#elementor-action%3Aaction%3Dlightbox%26settings%3DeyJpZCI6Mzg3OSwidXJsIjoiaHR0cHM6XC9cL29yaGFuMS5jb21cL3dwLWNvbnRlbnRcL3VwbG9hZHNcLzIwMjJcLzA5XC9wYXRsaWNhbm4uanBnIiwic2xpZGVzaG93IjoiZTMxNmJmYiJ9\" href=\"https:\/\/orhan1.com\/wp-content\/uploads\/2022\/09\/patlicann.jpg\"><figure class=\"swiper-slide-inner\"><img decoding=\"async\" class=\"swiper-slide-image\" src=\"https:\/\/orhan1.com\/wp-content\/uploads\/2022\/09\/patlicann-768x768.jpg\" alt=\"patl\u0131cann\" \/><\/figure><\/a><\/div><div class=\"swiper-slide\"><a data-elementor-open-lightbox=\"yes\" data-elementor-lightbox-slideshow=\"e316bfb\" data-elementor-lightbox-title=\"biber\" e-action-hash=\"#elementor-action%3Aaction%3Dlightbox%26settings%3DeyJpZCI6Mzg3NSwidXJsIjoiaHR0cHM6XC9cL29yaGFuMS5jb21cL3dwLWNvbnRlbnRcL3VwbG9hZHNcLzIwMjJcLzA5XC9iaWJlci5qcGciLCJzbGlkZXNob3ciOiJlMzE2YmZiIn0%3D\" href=\"https:\/\/orhan1.com\/wp-content\/uploads\/2022\/09\/biber.jpg\"><figure class=\"swiper-slide-inner\"><img decoding=\"async\" class=\"swiper-slide-image\" src=\"https:\/\/orhan1.com\/wp-content\/uploads\/2022\/09\/biber-768x768.jpg\" alt=\"biber\" \/><\/figure><\/a><\/div><div class=\"swiper-slide\"><a data-elementor-open-lightbox=\"yes\" data-elementor-lightbox-slideshow=\"e316bfb\" data-elementor-lightbox-title=\"domates\" e-action-hash=\"#elementor-action%3Aaction%3Dlightbox%26settings%3DeyJpZCI6Mzg3MSwidXJsIjoiaHR0cHM6XC9cL29yaGFuMS5jb21cL3dwLWNvbnRlbnRcL3VwbG9hZHNcLzIwMjJcLzA5XC9kb21hdGVzLmpwZyIsInNsaWRlc2hvdyI6ImUzMTZiZmIifQ%3D%3D\" href=\"https:\/\/orhan1.com\/wp-content\/uploads\/2022\/09\/domates.jpg\"><figure class=\"swiper-slide-inner\"><img decoding=\"async\" class=\"swiper-slide-image\" src=\"https:\/\/orhan1.com\/wp-content\/uploads\/2022\/09\/domates-768x768.jpg\" alt=\"domates\" \/><\/figure><\/a><\/div><div class=\"swiper-slide\"><a data-elementor-open-lightbox=\"yes\" data-elementor-lightbox-slideshow=\"e316bfb\" data-elementor-lightbox-title=\"elmagolden\" e-action-hash=\"#elementor-action%3Aaction%3Dlightbox%26settings%3DeyJpZCI6Mzg2NywidXJsIjoiaHR0cHM6XC9cL29yaGFuMS5jb21cL3dwLWNvbnRlbnRcL3VwbG9hZHNcLzIwMjJcLzA5XC9lbG1hZ29sZGVuLmpwZyIsInNsaWRlc2hvdyI6ImUzMTZiZmIifQ%3D%3D\" href=\"https:\/\/orhan1.com\/wp-content\/uploads\/2022\/09\/elmagolden.jpg\"><figure class=\"swiper-slide-inner\"><img decoding=\"async\" class=\"swiper-slide-image\" src=\"https:\/\/orhan1.com\/wp-content\/uploads\/2022\/09\/elmagolden-768x768.jpg\" alt=\"elmagolden\" \/><\/figure><\/a><\/div><div class=\"swiper-slide\"><a data-elementor-open-lightbox=\"yes\" data-elementor-lightbox-slideshow=\"e316bfb\" data-elementor-lightbox-title=\"ELMASTARRR\" e-action-hash=\"#elementor-action%3Aaction%3Dlightbox%26settings%3DeyJpZCI6Mzg2MywidXJsIjoiaHR0cHM6XC9cL29yaGFuMS5jb21cL3dwLWNvbnRlbnRcL3VwbG9hZHNcLzIwMjJcLzA5XC9FTE1BU1RBUlJSLmpwZyIsInNsaWRlc2hvdyI6ImUzMTZiZmIifQ%3D%3D\" href=\"https:\/\/orhan1.com\/wp-content\/uploads\/2022\/09\/ELMASTARRR.jpg\"><figure class=\"swiper-slide-inner\"><img decoding=\"async\" class=\"swiper-slide-image\" src=\"https:\/\/orhan1.com\/wp-content\/uploads\/2022\/09\/ELMASTARRR-768x768.jpg\" alt=\"ELMASTARRR\" \/><\/figure><\/a><\/div><div class=\"swiper-slide\"><a data-elementor-open-lightbox=\"yes\" data-elementor-lightbox-slideshow=\"e316bfb\" data-elementor-lightbox-title=\"ayvaesme2\" e-action-hash=\"#elementor-action%3Aaction%3Dlightbox%26settings%3DeyJpZCI6Mzg1OSwidXJsIjoiaHR0cHM6XC9cL29yaGFuMS5jb21cL3dwLWNvbnRlbnRcL3VwbG9hZHNcLzIwMjJcLzA5XC9heXZhZXNtZTIuanBnIiwic2xpZGVzaG93IjoiZTMxNmJmYiJ9\" href=\"https:\/\/orhan1.com\/wp-content\/uploads\/2022\/09\/ayvaesme2.jpg\"><figure class=\"swiper-slide-inner\"><img decoding=\"async\" class=\"swiper-slide-image\" src=\"https:\/\/orhan1.com\/wp-content\/uploads\/2022\/09\/ayvaesme2-768x768.jpg\" alt=\"ayvaesme2\" \/><\/figure><\/a><\/div><div class=\"swiper-slide\"><a data-elementor-open-lightbox=\"yes\" data-elementor-lightbox-slideshow=\"e316bfb\" data-elementor-lightbox-title=\"ayvaesme1\" e-action-hash=\"#elementor-action%3Aaction%3Dlightbox%26settings%3DeyJpZCI6Mzg1NSwidXJsIjoiaHR0cHM6XC9cL29yaGFuMS5jb21cL3dwLWNvbnRlbnRcL3VwbG9hZHNcLzIwMjJcLzA5XC9heXZhZXNtZTEuanBnIiwic2xpZGVzaG93IjoiZTMxNmJmYiJ9\" href=\"https:\/\/orhan1.com\/wp-content\/uploads\/2022\/09\/ayvaesme1.jpg\"><figure class=\"swiper-slide-inner\"><img decoding=\"async\" class=\"swiper-slide-image\" src=\"https:\/\/orhan1.com\/wp-content\/uploads\/2022\/09\/ayvaesme1-768x768.jpg\" alt=\"ayvaesme1\" \/><\/figure><\/a><\/div><div class=\"swiper-slide\"><a data-elementor-open-lightbox=\"yes\" data-elementor-lightbox-slideshow=\"e316bfb\" data-elementor-lightbox-title=\"ayvaesme\" e-action-hash=\"#elementor-action%3Aaction%3Dlightbox%26settings%3DeyJpZCI6Mzg1MSwidXJsIjoiaHR0cHM6XC9cL29yaGFuMS5jb21cL3dwLWNvbnRlbnRcL3VwbG9hZHNcLzIwMjJcLzA5XC9heXZhZXNtZS5qcGciLCJzbGlkZXNob3ciOiJlMzE2YmZiIn0%3D\" href=\"https:\/\/orhan1.com\/wp-content\/uploads\/2022\/09\/ayvaesme.jpg\"><figure class=\"swiper-slide-inner\"><img decoding=\"async\" class=\"swiper-slide-image\" src=\"https:\/\/orhan1.com\/wp-content\/uploads\/2022\/09\/ayvaesme-768x768.jpg\" alt=\"ayvaesme\" \/><\/figure><\/a><\/div><div class=\"swiper-slide\"><a data-elementor-open-lightbox=\"yes\" data-elementor-lightbox-slideshow=\"e316bfb\" data-elementor-lightbox-title=\"bursaincir\" e-action-hash=\"#elementor-action%3Aaction%3Dlightbox%26settings%3DeyJpZCI6Mzg0NywidXJsIjoiaHR0cHM6XC9cL29yaGFuMS5jb21cL3dwLWNvbnRlbnRcL3VwbG9hZHNcLzIwMjJcLzA5XC9idXJzYWluY2lyLmpwZyIsInNsaWRlc2hvdyI6ImUzMTZiZmIifQ%3D%3D\" href=\"https:\/\/orhan1.com\/wp-content\/uploads\/2022\/09\/bursaincir.jpg\"><figure class=\"swiper-slide-inner\"><img decoding=\"async\" class=\"swiper-slide-image\" src=\"https:\/\/orhan1.com\/wp-content\/uploads\/2022\/09\/bursaincir-768x768.jpg\" alt=\"bursaincir\" \/><\/figure><\/a><\/div><div class=\"swiper-slide\"><a data-elementor-open-lightbox=\"yes\" data-elementor-lightbox-slideshow=\"e316bfb\" data-elementor-lightbox-title=\"armutmargaerita1\" e-action-hash=\"#elementor-action%3Aaction%3Dlightbox%26settings%3DeyJpZCI6Mzg0MywidXJsIjoiaHR0cHM6XC9cL29yaGFuMS5jb21cL3dwLWNvbnRlbnRcL3VwbG9hZHNcLzIwMjJcLzA5XC9hcm11dG1hcmdhZXJpdGExLmpwZyIsInNsaWRlc2hvdyI6ImUzMTZiZmIifQ%3D%3D\" href=\"https:\/\/orhan1.com\/wp-content\/uploads\/2022\/09\/armutmargaerita1.jpg\"><figure class=\"swiper-slide-inner\"><img decoding=\"async\" class=\"swiper-slide-image\" src=\"https:\/\/orhan1.com\/wp-content\/uploads\/2022\/09\/armutmargaerita1-768x768.jpg\" alt=\"armutmargaerita1\" \/><\/figure><\/a><\/div><div class=\"swiper-slide\"><a data-elementor-open-lightbox=\"yes\" data-elementor-lightbox-slideshow=\"e316bfb\" data-elementor-lightbox-title=\"charesthaven\u015feftali\" e-action-hash=\"#elementor-action%3Aaction%3Dlightbox%26settings%3DeyJpZCI6MzgyNSwidXJsIjoiaHR0cHM6XC9cL29yaGFuMS5jb21cL3dwLWNvbnRlbnRcL3VwbG9hZHNcLzIwMjJcLzA5XC9jaGFyZXN0aGF2ZW5zZWZ0YWxpLmpwZyIsInNsaWRlc2hvdyI6ImUzMTZiZmIifQ%3D%3D\" href=\"https:\/\/orhan1.com\/wp-content\/uploads\/2022\/09\/charesthavenseftali.jpg\"><figure class=\"swiper-slide-inner\"><img decoding=\"async\" class=\"swiper-slide-image\" src=\"https:\/\/orhan1.com\/wp-content\/uploads\/2022\/09\/charesthavenseftali-768x768.jpg\" alt=\"charesthaven\u015feftali\" \/><\/figure><\/a><\/div><div class=\"swiper-slide\"><a data-elementor-open-lightbox=\"yes\" data-elementor-lightbox-slideshow=\"e316bfb\" data-elementor-lightbox-title=\"elegantlady\u015feftali\" e-action-hash=\"#elementor-action%3Aaction%3Dlightbox%26settings%3DeyJpZCI6MzgxOSwidXJsIjoiaHR0cHM6XC9cL29yaGFuMS5jb21cL3dwLWNvbnRlbnRcL3VwbG9hZHNcLzIwMjJcLzA5XC9lbGVnYW50bGFkeXNlZnRhbGkuanBnIiwic2xpZGVzaG93IjoiZTMxNmJmYiJ9\" href=\"https:\/\/orhan1.com\/wp-content\/uploads\/2022\/09\/elegantladyseftali.jpg\"><figure class=\"swiper-slide-inner\"><img decoding=\"async\" class=\"swiper-slide-image\" src=\"https:\/\/orhan1.com\/wp-content\/uploads\/2022\/09\/elegantladyseftali-768x768.jpg\" alt=\"elegantlady\u015feftali\" \/><\/figure><\/a><\/div>\t\t\t<\/div>\n\t\t\t\t\t\t\t\t\t\t\t\t<div class=\"swiper-pagination\"><\/div>\n\t\t\t\t\t\t\t\t\t\t\t\t\t<\/div>\n\t\t\t\t<\/div>\n\t\t\t\t<\/div>\n\t\t\t\t\t<\/div>\n\t\t<\/div>\n\t\t\t\t\t\t\t<\/div>\n\t\t<\/section>\n\t\t\t\t\t\t\t<\/div>","protected":false},"excerpt":{"rendered":"","protected":false},"author":1,"featured_media":0,"parent":0,"menu_order":0,"comment_status":"closed","ping_status":"closed","template":"","meta":{"_monsterinsights_skip_tracking":false,"_monsterinsights_sitenote_active":false,"_monsterinsights_sitenote_note":"","_monsterinsights_sitenote_category":0,"footnotes":""},"class_list":["post-241","page","type-page","status-publish","hentry"],"aioseo_notices":[],"_links":{"self":[{"href":"https:\/\/orhan1.com\/en\/wp-json\/wp\/v2\/pages\/241","targetHints":{"allow":["GET"]}}],"collection":[{"href":"https:\/\/orhan1.com\/en\/wp-json\/wp\/v2\/pages"}],"about":[{"href":"https:\/\/orhan1.com\/en\/wp-json\/wp\/v2\/types\/page"}],"author":[{"embeddable":true,"href":"https:\/\/orhan1.com\/en\/wp-json\/wp\/v2\/users\/1"}],"replies":[{"embeddable":true,"href":"https:\/\/orhan1.com\/en\/wp-json\/wp\/v2\/comments?post=241"}],"version-history":[{"count":6,"href":"https:\/\/orhan1.com\/en\/wp-json\/wp\/v2\/pages\/241\/revisions"}],"predecessor-version":[{"id":4435,"href":"https:\/\/orhan1.com\/en\/wp-json\/wp\/v2\/pages\/241\/revisions\/4435"}],"wp:attachment":[{"href":"https:\/\/orhan1.com\/en\/wp-json\/wp\/v2\/media?parent=241"}],"curies":[{"name":"wp","href":"https:\/\/api.w.org\/{rel}","templated":true}]}}